{"id":148,"date":"2018-04-30T12:34:11","date_gmt":"2018-04-30T10:34:11","guid":{"rendered":"http:\/\/k130.fr\/?page_id=148"},"modified":"2025-12-12T17:16:13","modified_gmt":"2025-12-12T16:16:13","slug":"domaines-du-droit","status":"publish","type":"page","link":"http:\/\/k130.fr\/index.php\/domaines-du-droit\/","title":{"rendered":"Domaines du droit"},"content":{"rendered":"<ul>\n<li class=\"li1\">Droit des affaires<\/li>\n<li class=\"li1\">M&amp;A &#8211; Private Equity &#8211; Lev\u00e9es de Fonds<\/li>\n<li class=\"li1\">Droit international des affaires<\/li>\n<li class=\"li1\">Droit commercial &#8211; Droit de la distribution<\/li>\n<li class=\"li1\">Droit de la construction<\/li>\n<li class=\"li1\">Baux commerciaux<\/li>\n<li class=\"li1\">Droit du travail<\/li>\n<li class=\"li1\">Responsabilit\u00e9 Civile Professionnelle<\/li>\n<li class=\"li1\">Propri\u00e9t\u00e9 intellectuelle<\/li>\n<li class=\"li1\">Arbitrage &#8211; Contentieux<\/li>\n<\/ul>\n","protected":false},"excerpt":{"rendered":"<p>Droit des affaires M&amp;A &#8211; Private Equity &#8211; Lev\u00e9es de Fonds Droit international des affaires Droit commercial &#8211; Droit de la distribution Droit de la construction Baux commerciaux Droit du travail Responsabilit\u00e9 Civile Professionnelle Propri\u00e9t\u00e9 intellectuelle Arbitrage &#8211; Contentieux<\/p>\n","protected":false},"author":1,"featured_media":0,"parent":0,"menu_order":0,"comment_status":"closed","ping_status":"closed","template":"","meta":{"footnotes":""},"class_list":["post-148","page","type-page","status-publish","hentry"],"_links":{"self":[{"href":"http:\/\/k130.fr\/index.php\/wp-json\/wp\/v2\/pages\/148","targetHints":{"allow":["GET"]}}],"collection":[{"href":"http:\/\/k130.fr\/index.php\/wp-json\/wp\/v2\/pages"}],"about":[{"href":"http:\/\/k130.fr\/index.php\/wp-json\/wp\/v2\/types\/page"}],"author":[{"embeddable":true,"href":"http:\/\/k130.fr\/index.php\/wp-json\/wp\/v2\/users\/1"}],"replies":[{"embeddable":true,"href":"http:\/\/k130.fr\/index.php\/wp-json\/wp\/v2\/comments?post=148"}],"version-history":[{"count":12,"href":"http:\/\/k130.fr\/index.php\/wp-json\/wp\/v2\/pages\/148\/revisions"}],"predecessor-version":[{"id":476,"href":"http:\/\/k130.fr\/index.php\/wp-json\/wp\/v2\/pages\/148\/revisions\/476"}],"wp:attachment":[{"href":"http:\/\/k130.fr\/index.php\/wp-json\/wp\/v2\/media?parent=148"}],"curies":[{"name":"wp","href":"https:\/\/api.w.org\/{rel}","templated":true}]}}